{"id":3064,"date":"2025-12-06T12:16:34","date_gmt":"2025-12-06T12:16:34","guid":{"rendered":"https:\/\/takidaki.com\/tung-dong-xu\/"},"modified":"2026-03-20T18:10:49","modified_gmt":"2026-03-20T18:10:49","slug":"tung-dong-xu","status":"publish","type":"page","link":"https:\/\/takidaki.com\/vi\/tung-dong-xu\/","title":{"rendered":"Tung \u0111\u1ed3ng xu"},"content":{"rendered":"\t\t<div data-elementor-type=\"wp-page\" data-elementor-id=\"3064\" class=\"elementor elementor-3064 elementor-998\" data-elementor-post-type=\"page\">\n\t\t\t\t<div data-particle_enable=\"false\" data-particle-mobile-disabled=\"false\" data-dce-background-color=\"#FEE4C7\" class=\"elementor-element elementor-element-46c063d e-flex e-con-boxed e-con e-parent\" data-id=\"46c063d\" data-element_type=\"container\" data-e-type=\"container\" data-settings=\"{&quot;background_background&quot;:&quot;gradient&quot;}\">\n\t\t\t\t\t<div class=\"e-con-inner\">\n\t\t\t\t<div data-dce-title-color=\"#151413\" class=\"elementor-element elementor-element-0af3668 elementor-invisible elementor-widget elementor-widget-heading\" data-id=\"0af3668\" data-element_type=\"widget\" data-e-type=\"widget\" data-settings=\"{&quot;_animation&quot;:&quot;fadeInUp&quot;}\" data-widget_type=\"heading.default\">\n\t\t\t\t\t<h1 class=\"elementor-heading-title elementor-size-default\">Tung \u0111\u1ed3ng xu<\/h1>\t\t\t\t<\/div>\n\t\t<div data-particle_enable=\"false\" data-particle-mobile-disabled=\"false\" class=\"elementor-element elementor-element-d3d101a e-con-full e-flex e-con e-child\" data-id=\"d3d101a\" data-element_type=\"container\" data-e-type=\"container\">\n\t\t\t\t<div class=\"elementor-element elementor-element-eb86743 elementor-widget elementor-widget-html\" data-id=\"eb86743\" data-element_type=\"widget\" data-e-type=\"widget\" data-widget_type=\"html.default\">\n\t\t\t\t\t<link href=\"https:\/\/fonts.googleapis.com\/css2?family=PT+Mono&amp;display=swap\" rel=\"stylesheet\">\r\n<style>\r\n  :root {\r\n    --result-size: 44px;\r\n    --history-size: 15px;\r\n  }\r\n\r\n  @keyframes coinToss {\r\n    0% { \r\n      transform: translateY(0) rotateX(0deg);\r\n    }\r\n    25% { \r\n      transform: translateY(-120px) rotateX(180deg) scale(1.1);\r\n    }\r\n    50% { \r\n      transform: translateY(-160px) rotateX(360deg) scale(1.15);\r\n    }\r\n    75% { \r\n      transform: translateY(-120px) rotateX(540deg) scale(1.1);\r\n    }\r\n    100% { \r\n      transform: translateY(0) rotateX(720deg) scale(1);\r\n    }\r\n  }\r\n  \r\n  @media (max-width: 768px) {\r\n    @keyframes coinToss {\r\n      0% { \r\n        transform: translateY(0) rotateX(0deg);\r\n      }\r\n      25% { \r\n        transform: translateY(-80px) rotateX(180deg) scale(1.1);\r\n      }\r\n      50% { \r\n        transform: translateY(-110px) rotateX(360deg) scale(1.15);\r\n      }\r\n      75% { \r\n        transform: translateY(-80px) rotateX(540deg) scale(1.1);\r\n      }\r\n      100% { \r\n        transform: translateY(0) rotateX(720deg) scale(1);\r\n      }\r\n    }\r\n  }\r\n  \r\n  @keyframes bounce {\r\n    0%, 100% { transform: translateY(0) scale(1); }\r\n    50% { transform: translateY(-10px) scale(1.05); }\r\n  }\r\n  \r\n  @keyframes shine {\r\n    0%, 100% { \r\n      box-shadow: \r\n        0 10px 30px rgba(119, 133, 65, 0.3),\r\n        inset 0 2px 10px rgba(255,255,255,0.5); \r\n    }\r\n    50% { \r\n      box-shadow: \r\n        0 15px 40px rgba(119, 133, 65, 0.5),\r\n        inset 0 2px 15px rgba(255,255,255,0.8); \r\n    }\r\n  }\r\n\r\n  * {\r\n    box-sizing: border-box;\r\n  }\r\n\r\n  .coin-container {\r\n    width: 100%;\r\n    background: white;\r\n    border-radius: 20px;\r\n    display: flex;\r\n    margin: 0 auto;\r\n    min-height: 500px;\r\n    font-family: 'PT Mono', monospace;\r\n    overflow: hidden;\r\n    box-shadow: 0 10px 40px rgba(0,0,0,0.08);\r\n  }\r\n  \r\n  @media (max-width: 768px) {\r\n    .coin-container {\r\n      flex-direction: column-reverse;\r\n      min-height: 100vh;\r\n    }\r\n  }\r\n\r\n  .left-panel {\r\n    flex: 1;\r\n    padding: 40px;\r\n    background: #f8f9fa;\r\n    display: flex;\r\n    flex-direction: column;\r\n    gap: 18px;\r\n    justify-content: center;\r\n  }\r\n  \r\n  @media (max-width: 768px) {\r\n    .left-panel {\r\n      padding: 20px;\r\n      gap: 12px;\r\n    }\r\n  }\r\n\r\n  .right-panel {\r\n    flex: 1;\r\n    padding: 40px;\r\n    background: #FFECD6;\r\n    display: flex;\r\n    flex-direction: column;\r\n    justify-content: center;\r\n    align-items: center;\r\n    position: relative;\r\n  }\r\n  \r\n  @media (max-width: 768px) {\r\n    .right-panel {\r\n      padding: 30px 20px 20px;\r\n      min-height: auto;\r\n      flex: 1;\r\n    }\r\n  }\r\n\r\n  .title {\r\n    text-transform: uppercase;\r\n    letter-spacing: 1px;\r\n    font-size: 30px;\r\n    text-align: center;\r\n    color: #333;\r\n    font-weight: bold;\r\n    margin-bottom: 10px;\r\n  }\r\n  \r\n  @media (max-width: 768px) {\r\n    .title {\r\n      font-size: 22px;\r\n      margin-bottom: 5px;\r\n    }\r\n  }\r\n\r\n  .btn {\r\n    padding: 16px 24px;\r\n    border-radius: 14px;\r\n    font-size: 16px;\r\n    font-weight: 600;\r\n    border: none;\r\n    cursor: pointer;\r\n    background: #778541;\r\n    color: white;\r\n    transition: all 0.3s cubic-bezier(0.4, 0, 0.2, 1);\r\n    width: 100%;\r\n    box-shadow: 0 4px 12px rgba(119, 133, 65, 0.3);\r\n    font-family: 'PT Mono', monospace;\r\n    text-transform: uppercase;\r\n    letter-spacing: 1px;\r\n    position: relative;\r\n  }\r\n  \r\n  @media (max-width: 768px) {\r\n    .btn {\r\n      padding: 12px 20px;\r\n      font-size: 14px;\r\n    }\r\n  }\r\n  \r\n  .btn:hover {\r\n    transform: translateY(-2px);\r\n    box-shadow: 0 6px 20px rgba(119, 133, 65, 0.4);\r\n  }\r\n  \r\n  .btn:active {\r\n    transform: translateY(0);\r\n    box-shadow: 0 2px 8px rgba(119, 133, 65, 0.3);\r\n  }\r\n\r\n  .btn-secondary {\r\n    background: #d26a56;\r\n    box-shadow: 0 4px 12px rgba(210, 106, 86, 0.3);\r\n  }\r\n  \r\n  .btn-secondary:hover {\r\n    box-shadow: 0 6px 20px rgba(210, 106, 86, 0.4);\r\n  }\r\n\r\n  .btn-gray {\r\n    background: #424242;\r\n    box-shadow: 0 4px 12px rgba(66, 66, 66, 0.3);\r\n  }\r\n  \r\n  .btn-gray:hover {\r\n    box-shadow: 0 6px 20px rgba(66, 66, 66, 0.4);\r\n  }\r\n\r\n  .coin-area {\r\n    height: 250px;\r\n    display: flex;\r\n    align-items: center;\r\n    justify-content: center;\r\n    margin-bottom: 20px;\r\n  }\r\n  \r\n  @media (max-width: 768px) {\r\n    .coin-area {\r\n      height: 180px;\r\n      margin-bottom: 15px;\r\n    }\r\n  }\r\n\r\n  .coin {\r\n    width: 140px;\r\n    height: 140px;\r\n    border-radius: 50%;\r\n    background: linear-gradient(135deg, #778541 0%, #9da75e 100%);\r\n    display: flex;\r\n    justify-content: center;\r\n    align-items: center;\r\n    font-size: 60px;\r\n    font-weight: 900;\r\n    color: white;\r\n    text-shadow: 2px 2px 8px rgba(0,0,0,0.3);\r\n    box-shadow: \r\n      0 10px 30px rgba(119, 133, 65, 0.3),\r\n      inset 0 2px 10px rgba(255,255,255,0.5),\r\n      inset 0 -4px 10px rgba(0,0,0,0.2);\r\n    border: 5px solid rgba(255,255,255,0.4);\r\n    position: relative;\r\n    transform-style: preserve-3d;\r\n  }\r\n  \r\n  @media (max-width: 768px) {\r\n    .coin {\r\n      width: 110px;\r\n      height: 110px;\r\n      font-size: 50px;\r\n      border: 4px solid rgba(255,255,255,0.4);\r\n    }\r\n  }\r\n  \r\n  .coin::before {\r\n    content: '';\r\n    position: absolute;\r\n    top: 10%;\r\n    left: 10%;\r\n    width: 30%;\r\n    height: 30%;\r\n    background: radial-gradient(circle, rgba(255,255,255,0.6) 0%, transparent 70%);\r\n    border-radius: 50%;\r\n  }\r\n\r\n  .coin.toss {\r\n    animation: coinToss 1.2s cubic-bezier(0.4, 0, 0.2, 1) forwards;\r\n  }\r\n  \r\n  .coin.result {\r\n    animation: bounce 0.6s ease-out, shine 2s ease-in-out infinite;\r\n  }\r\n\r\n  .result-text {\r\n    font-size: var(--result-size);\r\n    margin-top: 10px;\r\n    font-weight: bold;\r\n    transition: all 0.3s ease;\r\n    text-transform: uppercase;\r\n    letter-spacing: 2px;\r\n    color: #333;\r\n  }\r\n  \r\n  @media (max-width: 768px) {\r\n    .result-text {\r\n      font-size: 28px;\r\n      margin-top: 5px;\r\n    }\r\n  }\r\n\r\n  .stats {\r\n    margin-top: 20px;\r\n    display: flex;\r\n    gap: 40px;\r\n    justify-content: center;\r\n    font-size: 14px;\r\n    color: #666;\r\n  }\r\n  \r\n  @media (max-width: 768px) {\r\n    .stats {\r\n      gap: 25px;\r\n      margin-top: 10px;\r\n    }\r\n  }\r\n  \r\n  .stat-item {\r\n    display: flex;\r\n    flex-direction: column;\r\n    align-items: center;\r\n    gap: 5px;\r\n  }\r\n  \r\n  .stat-value {\r\n    font-size: 28px;\r\n    font-weight: bold;\r\n    color: #778541;\r\n  }\r\n  \r\n  @media (max-width: 768px) {\r\n    .stat-value {\r\n      font-size: 22px;\r\n    }\r\n  }\r\n  \r\n  .stat-label {\r\n    font-size: 12px;\r\n    text-transform: uppercase;\r\n    letter-spacing: 0.5px;\r\n  }\r\n\r\n  .history-box {\r\n    margin-top: 25px;\r\n    text-align: center;\r\n    font-size: var(--history-size);\r\n    opacity: 0.85;\r\n    max-width: 450px;\r\n    line-height: 1.6;\r\n    word-wrap: break-word;\r\n    color: #555;\r\n  }\r\n  \r\n  @media (max-width: 768px) {\r\n    .history-box {\r\n      font-size: 12px;\r\n      max-width: 100%;\r\n      padding: 0 10px;\r\n      margin-top: 15px;\r\n      line-height: 1.4;\r\n    }\r\n  }\r\n<\/style>\r\n\r\n<div class=\"coin-container\">\r\n  <div class=\"left-panel\">\r\n    <h3 class=\"title\">Tung \u0111\u1ed3ng xu<\/h3>\r\n\r\n    <button class=\"btn\" onclick=\"flipCoin()\">Tung xu<\/button>\r\n<button class=\"btn-secondary btn\" onclick=\"copyHistory()\">Sao ch\u00e9p l\u1ecbch s\u1eed<\/button>\r\n<button class=\"btn-gray btn\" onclick=\"clearHistory()\">X\u00f3a l\u1ecbch s\u1eed<\/button>\r\n  <\/div>\r\n\r\n  <div class=\"right-panel\">\r\n    <div class=\"coin-area\">\r\n      <div id=\"coin\" class=\"coin\">?<\/div>\r\n    <\/div>\r\n\r\n    <div id=\"resultText\" class=\"result-text\">S\u1eb5n s\u00e0ng tung<\/div>\r\n\r\n    <div class=\"stats\">\r\n      <div class=\"stat-item\">\r\n        <div class=\"stat-value\" id=\"headsCount\">0<\/div>\r\n        <div class=\"stat-label\">M\u1eb7t ng\u1eeda<\/div>\r\n      <\/div>\r\n      <div class=\"stat-item\">\r\n        <div class=\"stat-value\" id=\"tailsCount\">0<\/div>\r\n        <div class=\"stat-label\">M\u1eb7t s\u1ea5p<\/div>\r\n      <\/div>\r\n    <\/div>\r\n\r\n    <div id=\"history\" class=\"history-box\"><\/div>\r\n  <\/div>\r\n<\/div>\r\n\r\n<script>\r\n  let flipHistory = [];\r\n  let flipping = false;\r\n  let headsCount = 0;\r\n  let tailsCount = 0;\r\n\r\n  function flipCoin() {\r\n    if (flipping) return;\r\n    flipping = true;\r\n\r\n    const coin = document.getElementById(\"coin\");\r\n    const resultText = document.getElementById(\"resultText\");\r\n    const historyBox = document.getElementById(\"history\");\r\n\r\n    coin.classList.remove(\"result\");\r\n    coin.classList.add(\"toss\");\r\n    coin.textContent = \"?\";\r\n\r\n    setTimeout(() => {\r\n      const value = Math.random() < 0.5 ? \"Heads\" : \"Tails\";\r\n      const symbol = value === \"Heads\" ? \"H\" : \"T\";\r\n\r\n      coin.textContent = symbol;\r\n      \r\n      if (value === \"Heads\") {\r\n        headsCount++;\r\n        document.getElementById(\"headsCount\").textContent = headsCount;\r\n        coin.style.background = \"linear-gradient(135deg, #778541 0%, #9da75e 100%)\";\r\n      } else {\r\n        tailsCount++;\r\n        document.getElementById(\"tailsCount\").textContent = tailsCount;\r\n        coin.style.background = \"linear-gradient(135deg, #d26a56 0%, #e0816f 100%)\";\r\n      }\r\n\r\n      coin.classList.add(\"result\");\r\n      \r\n      resultText.style.opacity = \"0\";\r\n      setTimeout(() => {\r\n        resultText.textContent = value + \"!\";\r\n        resultText.style.opacity = \"1\";\r\n        resultText.style.color = value === \"Heads\" ? \"#778541\" : \"#d26a56\";\r\n      }, 100);\r\n\r\n      flipHistory.push(value);\r\n      if (flipHistory.length > 50) flipHistory.shift();\r\n\r\n      historyBox.textContent = \"Last 10: \" + flipHistory.slice(-10).join(\", \");\r\n\r\n      coin.classList.remove(\"toss\");\r\n      flipping = false;\r\n    }, 1200);\r\n  }\r\n\r\n  function copyHistory() {\r\n    if (flipHistory.length === 0) return;\r\n    navigator.clipboard.writeText(flipHistory.join(\"\\n\"))\r\n      .then(() => alert(\"History copied to clipboard!\"));\r\n  }\r\n\r\n  function clearHistory() {\r\n    flipHistory = [];\r\n    headsCount = 0;\r\n    tailsCount = 0;\r\n    document.getElementById(\"history\").textContent = \"\";\r\n    document.getElementById(\"headsCount\").textContent = \"0\";\r\n    document.getElementById(\"tailsCount\").textContent = \"0\";\r\n    document.getElementById(\"resultText\").textContent = \"Ready to flip\";\r\n    document.getElementById(\"resultText\").style.color = \"#333\";\r\n    document.getElementById(\"coin\").textContent = \"?\";\r\n    document.getElementById(\"coin\").style.background = \"linear-gradient(135deg, #778541 0%, #9da75e 100%)\";\r\n    document.getElementById(\"coin\").classList.remove(\"result\");\r\n  }\r\n<\/script>\t\t\t\t<\/div>\n\t\t\t\t<\/div>\n\t\t\t\t\t<\/div>\n\t\t\t\t<\/div>\n\t\t<div data-particle_enable=\"false\" data-particle-mobile-disabled=\"false\" data-dce-background-color=\"#FDFDFD\" class=\"elementor-element elementor-element-74bcc145 e-flex e-con-boxed e-con e-parent\" data-id=\"74bcc145\" data-element_type=\"container\" data-e-type=\"container\" data-settings=\"{&quot;background_background&quot;:&quot;classic&quot;}\">\n\t\t\t\t\t<div class=\"e-con-inner\">\n\t\t\t\t<div data-dce-text-color=\"#232323\" class=\"elementor-element elementor-element-4f1d69da elementor-widget elementor-widget-text-editor\" data-id=\"4f1d69da\" data-element_type=\"widget\" data-e-type=\"widget\" data-widget_type=\"text-editor.default\">\n\t\t\t\t\t\t\t\t\t<p class=\"p1\">TakiDaki Tung \u0111\u1ed3ng xu l\u00e0 c\u00f4ng c\u1ee5 nhanh ch\u00f3ng v\u00e0 minh b\u1ea1ch \u0111\u1ec3 \u0111\u01b0a ra quy\u1ebft \u0111\u1ecbnh \u0111\u01a1n gi\u1ea3n, kh\u00f4ng thi\u00ean v\u1ecb \u2014 b\u1ea5t c\u1ee9 khi n\u00e0o b\u1ea1n c\u1ea7n k\u1ebft qu\u1ea3 50\/50 c\u00f4ng b\u1eb1ng.<\/p><p class=\"p1\">Ch\u1ec9 c\u1ea7n nh\u1ea5n n\u00fat, xem ho\u1ea1t \u1ea3nh tung xu \u2014 v\u00e0 nh\u1eadn k\u1ebft qu\u1ea3 ng\u1eabu nhi\u00ean ngay l\u1eadp t\u1ee9c.<\/p><p class=\"p1\">L\u00fd t\u01b0\u1edfng cho creator, nh\u00f3m, c\u1eb7p \u0111\u00f4i v\u00e0 b\u1ea5t k\u1ef3 ai mu\u1ed1n m\u1ed9t c\u00e1ch r\u00f5 r\u00e0ng v\u00e0 \u0111\u00e1ng tin c\u1eady \u0111\u1ec3 quy\u1ebft \u0111\u1ecbnh gi\u1eefa hai l\u1ef1a ch\u1ecdn.<\/p><p class=\"p1\">V\u1edbi giao di\u1ec7n g\u1ecdn g\u00e0ng v\u00e0 thu\u1eadt to\u00e1n ho\u00e0n to\u00e0n ng\u1eabu nhi\u00ean, kh\u00e1n gi\u1ea3 c\u1ee7a b\u1ea1n th\u1ea5y r\u1eb1ng k\u1ebft qu\u1ea3 nhanh ch\u00f3ng, c\u00f4ng b\u1eb1ng v\u00e0 kh\u00f4ng th\u1ec3 can thi\u1ec7p.<\/p><h3><b>\ud83d\udfe2 B\u1ea1n c\u00f3 th\u1ec3 d\u00f9ng cho:<\/b><\/h3><ul><li><p class=\"p1\">Ch\u1ecdn gi\u1eefa hai \u00fd t\u01b0\u1edfng ho\u1eb7c l\u1ef1a ch\u1ecdn<\/p><\/li><li><p class=\"p1\">Ra quy\u1ebft \u0111\u1ecbnh nhanh trong tr\u00f2 ch\u01a1i<\/p><\/li><li><p class=\"p1\">Ch\u1ecdn ng\u1eabu nhi\u00ean trong c\u00e1c nhi\u1ec7m v\u1ee5 nh\u1ecf ho\u1eb7c th\u1eed th\u00e1ch<\/p><\/li><li><p class=\"p1\">T\u01b0\u01a1ng t\u00e1c vui v\u1ebb v\u1edbi ng\u01b0\u1eddi theo d\u00f5i<\/p><\/li><\/ul><h3><b>\u2728 \u01afu \u0111i\u1ec3m n\u1ed5i b\u1eadt:<\/b><\/h3><ul><li><p class=\"p1\">Tung xu t\u1ee9c th\u00ec v\u1edbi ho\u1ea1t \u1ea3nh m\u01b0\u1ee3t m\u00e0<\/p><\/li><li><p class=\"p1\">Giao di\u1ec7n \u0111\u01a1n gi\u1ea3n v\u00e0 g\u1ecdn g\u00e0ng \u2014 kh\u00f4ng c\u1ea7n c\u00e0i \u0111\u1eb7t<\/p><\/li><li><p class=\"p1\">Ch\u1ea1y tr\u1ef1c ti\u1ebfp tr\u00ean tr\u00ecnh duy\u1ec7t<\/p><\/li><li><p class=\"p1\">Theo d\u00f5i v\u00e0 x\u00f3a l\u1ecbch s\u1eed t\u00edch h\u1ee3p s\u1eb5n<\/p><\/li><li><p class=\"p1\">K\u1ebft qu\u1ea3 c\u00f3 th\u1ec3 sao ch\u00e9p ho\u1eb7c chia s\u1ebb d\u1ec5 d\u00e0ng<\/p><\/li><li><p class=\"p1\">C\u00f4ng b\u1eb1ng, nhanh ch\u00f3ng v\u00e0 minh b\u1ea1ch \u2014 m\u1ed7i l\u1ea7n tung l\u00e0 \u0111\u1ed9c l\u1eadp<\/p><\/li><\/ul><p class=\"p1\">B\u1ea1n c\u1ea7n m\u1ed9t c\u00e1ch \u0111\u01a1n gi\u1ea3n v\u00e0 trung th\u1ef1c \u0111\u1ec3 c\u00f3 c\u00e2u tr\u1ea3 l\u1eddi 50\/50?<\/p><p class=\"p1\">TakiDaki Tung \u0111\u1ed3ng xu cho k\u1ebft qu\u1ea3 ngay l\u1eadp t\u1ee9c \u2014 v\u00e0 h\u1ea5p d\u1eabn v\u1ec1 m\u1eb7t h\u00ecnh \u1ea3nh.<\/p>\t\t\t\t\t\t\t\t<\/div>\n\t\t\t\t\t<\/div>\n\t\t\t\t<\/div>\n\t\t\t\t<\/div>\n\t\t","protected":false},"excerpt":{"rendered":"<p>Tung \u0111\u1ed3ng xu Tung \u0111\u1ed3ng xu Tung xu Sao ch\u00e9p l\u1ecbch s\u1eed X\u00f3a l\u1ecbch s\u1eed ? S\u1eb5n s\u00e0ng tung 0 M\u1eb7t ng\u1eeda 0 M\u1eb7t s\u1ea5p TakiDaki Tung \u0111\u1ed3ng xu l\u00e0 c\u00f4ng c\u1ee5 nhanh ch\u00f3ng v\u00e0 minh b\u1ea1ch \u0111\u1ec3 \u0111\u01b0a ra quy\u1ebft \u0111\u1ecbnh \u0111\u01a1n gi\u1ea3n, kh\u00f4ng thi\u00ean v\u1ecb \u2014 b\u1ea5t c\u1ee9 khi n\u00e0o b\u1ea1n c\u1ea7n k\u1ebft [&hellip;]<\/p>\n","protected":false},"author":1,"featured_media":2905,"parent":0,"menu_order":0,"comment_status":"closed","ping_status":"closed","template":"elementor_header_footer","meta":{"footnotes":""},"class_list":["post-3064","page","type-page","status-publish","has-post-thumbnail","hentry"],"aioseo_notices":[],"_links":{"self":[{"href":"https:\/\/takidaki.com\/vi\/wp-json\/wp\/v2\/pages\/3064","targetHints":{"allow":["GET"]}}],"collection":[{"href":"https:\/\/takidaki.com\/vi\/wp-json\/wp\/v2\/pages"}],"about":[{"href":"https:\/\/takidaki.com\/vi\/wp-json\/wp\/v2\/types\/page"}],"author":[{"embeddable":true,"href":"https:\/\/takidaki.com\/vi\/wp-json\/wp\/v2\/users\/1"}],"replies":[{"embeddable":true,"href":"https:\/\/takidaki.com\/vi\/wp-json\/wp\/v2\/comments?post=3064"}],"version-history":[{"count":1,"href":"https:\/\/takidaki.com\/vi\/wp-json\/wp\/v2\/pages\/3064\/revisions"}],"predecessor-version":[{"id":3065,"href":"https:\/\/takidaki.com\/vi\/wp-json\/wp\/v2\/pages\/3064\/revisions\/3065"}],"wp:featuredmedia":[{"embeddable":true,"href":"https:\/\/takidaki.com\/vi\/wp-json\/wp\/v2\/media\/2905"}],"wp:attachment":[{"href":"https:\/\/takidaki.com\/vi\/wp-json\/wp\/v2\/media?parent=3064"}],"curies":[{"name":"wp","href":"https:\/\/api.w.org\/{rel}","templated":true}]}}