{"id":2233,"date":"2025-12-09T06:45:40","date_gmt":"2025-12-09T06:45:40","guid":{"rendered":"https:\/\/takidaki.com\/rueda-giratoria-del-ganador\/"},"modified":"2026-03-08T19:28:46","modified_gmt":"2026-03-08T19:28:46","slug":"rueda-giratoria-del-ganador","status":"publish","type":"page","link":"https:\/\/takidaki.com\/es\/rueda-giratoria-del-ganador\/","title":{"rendered":"Rueda giratoria del ganador"},"content":{"rendered":"\t\t<div data-elementor-type=\"wp-page\" data-elementor-id=\"2233\" class=\"elementor elementor-2233 elementor-1109\" data-elementor-post-type=\"page\">\n\t\t\t\t<div data-particle_enable=\"false\" data-particle-mobile-disabled=\"false\" data-dce-background-color=\"#FEE4C7\" class=\"elementor-element elementor-element-46c063d e-flex e-con-boxed e-con e-parent\" data-id=\"46c063d\" data-element_type=\"container\" data-e-type=\"container\" data-settings=\"{&quot;background_background&quot;:&quot;gradient&quot;}\">\n\t\t\t\t\t<div class=\"e-con-inner\">\n\t\t\t\t<div data-dce-title-color=\"#151413\" class=\"elementor-element elementor-element-0af3668 elementor-invisible elementor-widget elementor-widget-heading\" data-id=\"0af3668\" data-element_type=\"widget\" data-e-type=\"widget\" data-settings=\"{&quot;_animation&quot;:&quot;fadeInUp&quot;}\" data-widget_type=\"heading.default\">\n\t\t\t\t\t<h1 class=\"elementor-heading-title elementor-size-default\">Rueda giratoria del ganador<\/h1>\t\t\t\t<\/div>\n\t\t<div data-particle_enable=\"false\" data-particle-mobile-disabled=\"false\" class=\"elementor-element elementor-element-d3d101a e-con-full e-flex e-con e-child\" data-id=\"d3d101a\" data-element_type=\"container\" data-e-type=\"container\">\n\t\t\t\t<div class=\"elementor-element elementor-element-eb86743 elementor-widget elementor-widget-html\" data-id=\"eb86743\" data-element_type=\"widget\" data-e-type=\"widget\" data-widget_type=\"html.default\">\n\t\t\t\t\t<link href=\"https:\/\/fonts.googleapis.com\/css2?family=PT+Mono&amp;display=swap\" rel=\"stylesheet\">\r\n<style>\r\n  :root {\r\n    --result-size: 44px;\r\n    --history-size: 15px;\r\n  }\r\n\r\n  @keyframes spin {\r\n    0% { transform: rotate(0deg); }\r\n    100% { transform: rotate(var(--rotation)); }\r\n  }\r\n  \r\n  @keyframes pulse {\r\n    0%, 100% { transform: scale(1); }\r\n    50% { transform: scale(1.05); }\r\n  }\r\n  \r\n  @keyframes confetti-burst {\r\n    0% {\r\n      transform: translate(0, 0) scale(0);\r\n      opacity: 1;\r\n    }\r\n    15% {\r\n      transform: translate(var(--tx), var(--ty)) scale(1.2);\r\n      opacity: 1;\r\n    }\r\n    100% {\r\n      transform: translate(var(--tx), calc(var(--ty) + 100vh)) scale(1) rotate(var(--rotation));\r\n      opacity: 0;\r\n    }\r\n  }\r\n\r\n  * {\r\n    box-sizing: border-box;\r\n  }\r\n\r\n  .container {\r\n    width: 100%;\r\n    background: white;\r\n    border-radius: 20px;\r\n    display: flex;\r\n    margin: 0 auto;\r\n    min-height: 500px;\r\n    font-family: 'PT Mono', monospace;\r\n    overflow: hidden;\r\n    box-shadow: 0 10px 40px rgba(0,0,0,0.08);\r\n    position: relative;\r\n  }\r\n  \r\n  @media (max-width: 768px) {\r\n    .container {\r\n      flex-direction: column-reverse;\r\n      min-height: 100vh;\r\n    }\r\n  }\r\n\r\n  .left-panel {\r\n    flex: 1;\r\n    padding: 40px;\r\n    background: #f8f9fa;\r\n    display: flex;\r\n    flex-direction: column;\r\n    gap: 18px;\r\n    justify-content: center;\r\n  }\r\n  \r\n  @media (max-width: 768px) {\r\n    .left-panel {\r\n      padding: 20px;\r\n      gap: 12px;\r\n    }\r\n  }\r\n\r\n  .right-panel {\r\n    flex: 1;\r\n    padding: 40px;\r\n    background: #FFECD6;\r\n    display: flex;\r\n    flex-direction: column;\r\n    justify-content: center;\r\n    align-items: center;\r\n    position: relative;\r\n  }\r\n  \r\n  @media (max-width: 768px) {\r\n    .right-panel {\r\n      padding: 30px 20px 20px;\r\n      min-height: auto;\r\n      flex: 1;\r\n    }\r\n  }\r\n\r\n  .title {\r\n    text-transform: uppercase;\r\n    letter-spacing: 1px;\r\n    font-size: 30px;\r\n    text-align: center;\r\n    color: #333;\r\n    font-weight: bold;\r\n    margin-bottom: 10px;\r\n  }\r\n  \r\n  @media (max-width: 768px) {\r\n    .title {\r\n      font-size: 22px;\r\n      margin-bottom: 5px;\r\n    }\r\n  }\r\n\r\n  .settings {\r\n    display: flex;\r\n    flex-direction: column;\r\n    gap: 12px;\r\n  }\r\n  \r\n  .input-group {\r\n    display: flex;\r\n    flex-direction: column;\r\n    gap: 6px;\r\n  }\r\n  \r\n  .input-label {\r\n    font-size: 12px;\r\n    text-transform: uppercase;\r\n    letter-spacing: 0.5px;\r\n    color: #666;\r\n    font-weight: 600;\r\n  }\r\n  \r\n  .input-field {\r\n    padding: 12px;\r\n    border-radius: 10px;\r\n    border: 2px solid #e9ecef;\r\n    font-family: 'PT Mono', monospace;\r\n    font-size: 16px;\r\n    font-weight: 600;\r\n    transition: all 0.3s ease;\r\n    background: white;\r\n  }\r\n  \r\n  .input-field:focus {\r\n    outline: none;\r\n    border-color: #778541;\r\n    box-shadow: 0 0 0 3px rgba(119, 133, 65, 0.1);\r\n  }\r\n  \r\n  @media (max-width: 768px) {\r\n    .input-field {\r\n      padding: 10px;\r\n      font-size: 14px;\r\n    }\r\n  }\r\n  \r\n  .row {\r\n    display: flex;\r\n    gap: 12px;\r\n  }\r\n  \r\n  .row .input-group {\r\n    flex: 1;\r\n  }\r\n\r\n  .btn {\r\n    padding: 16px 24px;\r\n    border-radius: 14px;\r\n    font-size: 16px;\r\n    font-weight: 600;\r\n    border: none;\r\n    cursor: pointer;\r\n    background: #778541;\r\n    color: white;\r\n    transition: all 0.3s cubic-bezier(0.4, 0, 0.2, 1);\r\n    width: 100%;\r\n    box-shadow: 0 4px 12px rgba(119, 133, 65, 0.3);\r\n    font-family: 'PT Mono', monospace;\r\n    text-transform: uppercase;\r\n    letter-spacing: 1px;\r\n    position: relative;\r\n  }\r\n  \r\n  @media (max-width: 768px) {\r\n    .btn {\r\n      padding: 12px 20px;\r\n      font-size: 14px;\r\n    }\r\n  }\r\n  \r\n  .btn:hover {\r\n    transform: translateY(-2px);\r\n    box-shadow: 0 6px 20px rgba(119, 133, 65, 0.4);\r\n  }\r\n  \r\n  .btn:active {\r\n    transform: translateY(0);\r\n    box-shadow: 0 2px 8px rgba(119, 133, 65, 0.3);\r\n  }\r\n  \r\n  .btn:disabled {\r\n    opacity: 0.5;\r\n    cursor: not-allowed;\r\n    transform: none;\r\n  }\r\n\r\n  .btn-secondary {\r\n    background: #d26a56;\r\n    box-shadow: 0 4px 12px rgba(210, 106, 86, 0.3);\r\n  }\r\n  \r\n  .btn-secondary:hover {\r\n    box-shadow: 0 6px 20px rgba(210, 106, 86, 0.4);\r\n  }\r\n\r\n  .btn-gray {\r\n    background: #424242;\r\n    box-shadow: 0 4px 12px rgba(66, 66, 66, 0.3);\r\n  }\r\n  \r\n  .btn-gray:hover {\r\n    box-shadow: 0 6px 20px rgba(66, 66, 66, 0.4);\r\n  }\r\n\r\n  .wheel-area {\r\n    position: relative;\r\n    width: 300px;\r\n    height: 300px;\r\n    margin-bottom: 30px;\r\n  }\r\n  \r\n  @media (max-width: 768px) {\r\n    .wheel-area {\r\n      width: 240px;\r\n      height: 240px;\r\n      margin-bottom: 20px;\r\n    }\r\n  }\r\n  \r\n  .wheel-container {\r\n    position: relative;\r\n    width: 100%;\r\n    height: 100%;\r\n  }\r\n  \r\n  .wheel {\r\n    width: 100%;\r\n    height: 100%;\r\n    border-radius: 50%;\r\n    position: relative;\r\n    box-shadow: 0 10px 40px rgba(0,0,0,0.2);\r\n    overflow: hidden;\r\n  }\r\n  \r\n  .wheel.spinning {\r\n    transition: transform 4s cubic-bezier(0.17, 0.67, 0.12, 0.99);\r\n  }\r\n  \r\n  .pointer {\r\n    position: absolute;\r\n    top: -10px;\r\n    left: 50%;\r\n    transform: translateX(-50%);\r\n    width: 0;\r\n    height: 0;\r\n    border-left: 15px solid transparent;\r\n    border-right: 15px solid transparent;\r\n    border-top: 25px solid #d26a56;\r\n    z-index: 10;\r\n    filter: drop-shadow(0 2px 4px rgba(0,0,0,0.3));\r\n  }\r\n  \r\n  @media (max-width: 768px) {\r\n    .pointer {\r\n      border-left: 12px solid transparent;\r\n      border-right: 12px solid transparent;\r\n      border-top: 20px solid #d26a56;\r\n    }\r\n  }\r\n  \r\n  .center-circle {\r\n    position: absolute;\r\n    top: 50%;\r\n    left: 50%;\r\n    transform: translate(-50%, -50%);\r\n    width: 50px;\r\n    height: 50px;\r\n    background: white;\r\n    border-radius: 50%;\r\n    border: 5px solid #778541;\r\n    box-shadow: 0 4px 12px rgba(0,0,0,0.2);\r\n    z-index: 5;\r\n  }\r\n  \r\n  @media (max-width: 768px) {\r\n    .center-circle {\r\n      width: 40px;\r\n      height: 40px;\r\n      border: 4px solid #778541;\r\n    }\r\n  }\r\n\r\n  .result-text {\r\n    font-size: var(--result-size);\r\n    margin-top: 10px;\r\n    font-weight: bold;\r\n    transition: all 0.3s ease;\r\n    text-transform: uppercase;\r\n    letter-spacing: 2px;\r\n    color: #333;\r\n    text-align: center;\r\n  }\r\n  \r\n  @media (max-width: 768px) {\r\n    .result-text {\r\n      font-size: 28px;\r\n      margin-top: 5px;\r\n    }\r\n  }\r\n\r\n  .history-box {\r\n    margin-top: 25px;\r\n    text-align: center;\r\n    font-size: var(--history-size);\r\n    opacity: 0.85;\r\n    max-width: 450px;\r\n    line-height: 1.6;\r\n    word-wrap: break-word;\r\n    color: #555;\r\n  }\r\n  \r\n  @media (max-width: 768px) {\r\n    .history-box {\r\n      font-size: 12px;\r\n      max-width: 100%;\r\n      padding: 0 10px;\r\n      margin-top: 15px;\r\n      line-height: 1.4;\r\n    }\r\n  }\r\n  \r\n  .confetti-container {\r\n    position: absolute;\r\n    top: 0;\r\n    left: 0;\r\n    width: 100%;\r\n    height: 100%;\r\n    pointer-events: none;\r\n    z-index: 1000;\r\n    overflow: hidden;\r\n  }\r\n  \r\n  .confetti {\r\n    position: absolute;\r\n    width: 10px;\r\n    height: 10px;\r\n    pointer-events: none;\r\n  }\r\n<\/style>\r\n\r\n<div class=\"container\">\r\n  <div class=\"confetti-container\" id=\"confettiContainer\"><\/div>\r\n  \r\n  <div class=\"left-panel\">\r\n    <h3 class=\"title\">Rueda giratoria<\/h3>\r\n\r\n    <div class=\"settings\">\r\n      <div class=\"row\">\r\n        <div class=\"input-group\">\r\n          <label class=\"input-label\">Valor m\u00ednimo<\/label>\r\n          <input type=\"number\" id=\"minValue\" class=\"input-field\" value=\"1\" min=\"1\">\r\n        <\/div>\r\n        <div class=\"input-group\">\r\n          <label class=\"input-label\">Valor m\u00e1ximo<\/label>\r\n          <input type=\"number\" id=\"maxValue\" class=\"input-field\" value=\"10\" max=\"100\">\r\n        <\/div>\r\n      <\/div>\r\n    <\/div>\r\n\r\n    <button class=\"btn\" id=\"spinBtn\" onclick=\"spinWheel()\">Rueda giratoria<\/button>\r\n<button class=\"btn-secondary btn\" onclick=\"updateWheel()\">Actualizar rango<\/button>\r\n<button class=\"btn-gray btn\" onclick=\"clearHistory()\">Borrar historial<\/button>\r\n  <\/div>\r\n\r\n  <div class=\"right-panel\">\r\n    <div class=\"wheel-area\">\r\n      <div class=\"pointer\"><\/div>\r\n      <div class=\"wheel-container\">\r\n        <canvas id=\"wheel\" class=\"wheel\" width=\"300\" height=\"300\"><\/canvas>\r\n        <div class=\"center-circle\"><\/div>\r\n      <\/div>\r\n    <\/div>\r\n\r\n    <div id=\"resultText\" class=\"result-text\">\u00a1Gira para ganar!<\/div>\r\n\r\n    <div id=\"history\" class=\"history-box\"><\/div>\r\n  <\/div>\r\n<\/div>\r\n\r\n<script>\r\n  let history = [];\r\n  let spinning = false;\r\n  let currentRotation = 0;\r\n  let wheelValues = [];\r\n\r\n  const colors = [\r\n    '#778541', '#9da75e', '#d26a56', '#e0816f', \r\n    '#FFD700', '#FF6B6B', '#4ECDC4', '#45B7D1',\r\n    '#FFA500', '#FF69B4', '#9B59B6', '#3498DB',\r\n    '#2ECC71', '#F39C12', '#E74C3C', '#1ABC9C',\r\n    '#34495E', '#16A085', '#27AE60', '#D35400'\r\n  ];\r\n\r\n  function createConfetti() {\r\n    const container = document.getElementById('confettiContainer');\r\n    const confettiColors = ['#778541', '#9da75e', '#d26a56', '#e0816f', '#FFD700', '#FF6B6B', '#4ECDC4', '#45B7D1', '#FFA500', '#FF69B4'];\r\n    \r\n    const wheelArea = document.querySelector('.wheel-area');\r\n    const rect = wheelArea.getBoundingClientRect();\r\n    const containerRect = container.getBoundingClientRect();\r\n    const centerX = rect.left + rect.width \/ 2 - containerRect.left;\r\n    const centerY = rect.top + rect.height \/ 2 - containerRect.top;\r\n    \r\n    for (let i = 0; i < 80; i++) {\r\n      setTimeout(() => {\r\n        const confetti = document.createElement('div');\r\n        confetti.className = 'confetti';\r\n        \r\n        const color = confettiColors[Math.floor(Math.random() * confettiColors.length)];\r\n        const size = Math.random() * 10 + 5;\r\n        \r\n        const angle = (Math.random() * 360) * (Math.PI \/ 180);\r\n        const velocity = Math.random() * 200 + 150;\r\n        const tx = Math.cos(angle) * velocity;\r\n        const ty = Math.sin(angle) * velocity;\r\n        const rotation = Math.random() * 720 + 360;\r\n        \r\n        confetti.style.left = centerX + 'px';\r\n        confetti.style.top = centerY + 'px';\r\n        confetti.style.width = size + 'px';\r\n        confetti.style.height = size + 'px';\r\n        confetti.style.backgroundColor = color;\r\n        confetti.style.borderRadius = Math.random() > 0.5 ? '50%' : '0';\r\n        confetti.style.setProperty('--tx', tx + 'px');\r\n        confetti.style.setProperty('--ty', ty + 'px');\r\n        confetti.style.setProperty('--rotation', rotation + 'deg');\r\n        confetti.style.animation = `confetti-burst 2.5s cubic-bezier(0.25, 0.46, 0.45, 0.94) forwards`;\r\n        \r\n        container.appendChild(confetti);\r\n        \r\n        setTimeout(() => {\r\n          confetti.remove();\r\n        }, 2500);\r\n      }, i * 15);\r\n    }\r\n  }\r\n\r\n  function drawWheel() {\r\n    const canvas = document.getElementById('wheel');\r\n    const ctx = canvas.getContext('2d');\r\n    const centerX = canvas.width \/ 2;\r\n    const centerY = canvas.height \/ 2;\r\n    const radius = canvas.width \/ 2;\r\n    \r\n    ctx.clearRect(0, 0, canvas.width, canvas.height);\r\n    \r\n    const sectors = wheelValues.length;\r\n    const anglePerSector = (2 * Math.PI) \/ sectors;\r\n    \r\n    for (let i = 0; i < sectors; i++) {\r\n      const startAngle = i * anglePerSector - Math.PI \/ 2;\r\n      const endAngle = startAngle + anglePerSector;\r\n      \r\n      ctx.beginPath();\r\n      ctx.arc(centerX, centerY, radius, startAngle, endAngle);\r\n      ctx.lineTo(centerX, centerY);\r\n      ctx.fillStyle = colors[i % colors.length];\r\n      ctx.fill();\r\n      ctx.strokeStyle = 'white';\r\n      ctx.lineWidth = 3;\r\n      ctx.stroke();\r\n      \r\n      ctx.save();\r\n      ctx.translate(centerX, centerY);\r\n      ctx.rotate(startAngle + anglePerSector \/ 2);\r\n      ctx.textAlign = 'center';\r\n      ctx.textBaseline = 'middle';\r\n      ctx.fillStyle = 'white';\r\n      ctx.font = 'bold 18px \"PT Mono\"';\r\n      ctx.shadowColor = 'rgba(0,0,0,0.5)';\r\n      ctx.shadowBlur = 4;\r\n      ctx.fillText(wheelValues[i], radius * 0.65, 0);\r\n      ctx.restore();\r\n    }\r\n  }\r\n\r\n  function updateWheel() {\r\n    const min = parseInt(document.getElementById('minValue').value);\r\n    const max = parseInt(document.getElementById('maxValue').value);\r\n    \r\n    if (min >= max) {\r\n      alert('Min value must be less than Max value!');\r\n      return;\r\n    }\r\n    \r\n    wheelValues = [];\r\n    const range = max - min + 1;\r\n    \r\n    \/\/ Create all values in range\r\n    for (let i = min; i <= max; i++) {\r\n      wheelValues.push(i);\r\n    }\r\n    \r\n    drawWheel();\r\n  }\r\n\r\n  function spinWheel() {\r\n    if (spinning) return;\r\n    spinning = true;\r\n    \r\n    const spinBtn = document.getElementById('spinBtn');\r\n    spinBtn.disabled = true;\r\n    \r\n    const canvas = document.getElementById('wheel');\r\n    const resultText = document.getElementById('resultText');\r\n    const historyBox = document.getElementById('history');\r\n    \r\n    const spins = 5 + Math.random() * 3;\r\n    const extraDegrees = Math.random() * 360;\r\n    const totalRotation = (spins * 360) + extraDegrees;\r\n    \r\n    const finalRotation = currentRotation + totalRotation;\r\n    \r\n    canvas.style.transition = 'transform 4s cubic-bezier(0.17, 0.67, 0.12, 0.99)';\r\n    canvas.style.transform = `rotate(${finalRotation}deg)`;\r\n    \r\n    setTimeout(() => {\r\n      const normalizedRotation = finalRotation % 360;\r\n      const sectors = wheelValues.length;\r\n      const anglePerSector = 360 \/ sectors;\r\n      const pointerAngle = (360 - normalizedRotation + 90) % 360;\r\n      const winningIndex = Math.floor(pointerAngle \/ anglePerSector) % sectors;\r\n      const result = wheelValues[winningIndex];\r\n      \r\n      resultText.style.opacity = \"0\";\r\n      setTimeout(() => {\r\n        resultText.textContent = `Winner: ${result}`;\r\n        resultText.style.opacity = \"1\";\r\n        resultText.style.color = \"#778541\";\r\n      }, 100);\r\n      \r\n      createConfetti();\r\n      \r\n      history.push(result);\r\n      if (history.length > 50) history.shift();\r\n      historyBox.textContent = \"Last 10: \" + history.slice(-10).join(\", \");\r\n      \r\n      currentRotation = finalRotation;\r\n      spinning = false;\r\n      spinBtn.disabled = false;\r\n    }, 4000);\r\n  }\r\n\r\n  function clearHistory() {\r\n    history = [];\r\n    document.getElementById(\"history\").textContent = \"\";\r\n    document.getElementById(\"resultText\").textContent = \"Spin to win!\";\r\n    document.getElementById(\"resultText\").style.color = \"#333\";\r\n  }\r\n\r\n  \/\/ Initialize wheel\r\n  updateWheel();\r\n<\/script>\t\t\t\t<\/div>\n\t\t\t\t<\/div>\n\t\t\t\t\t<\/div>\n\t\t\t\t<\/div>\n\t\t<div data-particle_enable=\"false\" data-particle-mobile-disabled=\"false\" data-dce-background-color=\"#FDFDFD\" class=\"elementor-element elementor-element-74bcc145 e-flex e-con-boxed e-con e-parent\" data-id=\"74bcc145\" data-element_type=\"container\" data-e-type=\"container\" data-settings=\"{&quot;background_background&quot;:&quot;classic&quot;}\">\n\t\t\t\t\t<div class=\"e-con-inner\">\n\t\t\t\t<div data-dce-text-color=\"#232323\" class=\"elementor-element elementor-element-4f1d69da elementor-widget elementor-widget-text-editor\" data-id=\"4f1d69da\" data-element_type=\"widget\" data-e-type=\"widget\" data-widget_type=\"text-editor.default\">\n\t\t\t\t\t\t\t\t\t\n\n<div class=\"article-container\">\n  <p>La ruleta TakiDaki es una herramienta interactiva y emocionante para realizar selecciones aleatorias de una forma visualmente atractiva.<\/p>\n  \n  <p>Simplemente establece tu rango de n\u00fameros, haz clic en Girar y observa c\u00f3mo la ruleta decide tu destino.<\/p>\n  \n  <p>Es perfecto para juegos, sorteos, actividades en el aula, toma de decisiones, selecci\u00f3n de equipos y cualquier situaci\u00f3n en la que se desee a\u00f1adir un elemento de diversi\u00f3n y equidad a la elecci\u00f3n aleatoria.<\/p>\n  \n  <p>Gracias a las animaciones fluidas y a un algoritmo transparente, cada giro es emocionante, justo y completamente imparcial.<\/p>\n\n  <h3><b>\ud83d\udfe2 Puedes usarlo para:<\/b><\/h3>\n  <ul>\n    <li>\n      <p>Juegos y actividades para fiestas: gira la ruleta para elegir jugadores o retos.<\/p>\n    <\/li>\n    <li>\n      <p>Decisiones en el aula: elegir a los alumnos para las presentaciones o tareas.<\/p>\n    <\/li>\n    <li>\n      <p>Sorteos y concursos: selecciona ganadores al azar con estilo.<\/p>\n    <\/li>\n    <li>\n      <p>Asignaci\u00f3n de equipos: distribuir aleatoriamente a los miembros entre los grupos.<\/p>\n    <\/li>\n    <li>\n      <p>Decisiones diarias: qu\u00e9 comer, qu\u00e9 pel\u00edcula ver o qu\u00e9 tarea hacer primero.<\/p>\n    <\/li>\n    <li>\n      <p>Rompehielos y trabajo en equipo: a\u00f1ade emoci\u00f3n a cualquier actividad.<\/p>\n    <\/li>\n  <\/ul>\n\n  <h3><b>\u2728 Beneficios clave:<\/b><\/h3>\n  <ul>\n    <li>\n      <p>Rueda giratoria visual: observa c\u00f3mo gira la rueda con una f\u00edsica suave y realista.<\/p>\n    <\/li>\n    <li>\n      <p>Rango personalizable: establezca cualquier n\u00famero entre 1 y 100.<\/p>\n    <\/li>\n    <li>\n      <p>Generaci\u00f3n autom\u00e1tica de sectores: la rueda muestra autom\u00e1ticamente todos los n\u00fameros de su rango.<\/p>\n    <\/li>\n    <li>\n      <p>Celebraci\u00f3n con confeti: cada resultado se celebra con una lluvia de confeti de colores.<\/p>\n    <\/li>\n    <li>\n      <p>Seguimiento del historial: ve tus \u00faltimas 10 tiradas al instante.<\/p>\n    <\/li>\n    <li>\n      <p>Animaci\u00f3n realista: giro de 4 segundos con desaceleraci\u00f3n suave.<\/p>\n    <\/li>\n    <li>\n      <p>Dise\u00f1o colorido: 20 colores vibrantes hacen que la rueda sea llamativa.<\/p>\n    <\/li>\n    <li>\n      <p>Funciona en el navegador, sin necesidad de instalaci\u00f3n ni descargas.<\/p>\n    <\/li>\n    <li>\n      <p>Optimizado para dispositivos m\u00f3viles: perfectamente optimizado para tel\u00e9fonos y tabletas.<\/p>\n    <\/li>\n    <li>\n      <p>R\u00e1pido y justo: resultados verdaderamente aleatorios en todo momento.<\/p>\n    <\/li>\n  <\/ul>\n\n  <h3><b>\ud83c\udfa1 C\u00f3mo funciona:<\/b><\/h3>\n  <ul>\n    <li>\n      <p>Establezca su valor m\u00ednimo (n\u00famero inicial)<\/p>\n    <\/li>\n    <li>\n      <p>Establezca su valor m\u00e1ximo (n\u00famero final, hasta 100)<\/p>\n    <\/li>\n    <li>\n      <p>Haga clic en \u00abActualizar rango\u00bb para reconstruir la rueda con sus n\u00fameros.<\/p>\n    <\/li>\n    <li>\n      <p>\u00a1Pulsa la ruleta y observa c\u00f3mo se produce la magia!<\/p>\n    <\/li>\n    <li>\n      <p>La ruleta gira con una f\u00edsica realista y selecciona un n\u00famero aleatorio de tu rango.<\/p>\n    <\/li>\n  <\/ul>\n\n  <p>\u00bfBuscas una forma divertida y justa de tomar decisiones al azar?<\/p>\n  \n  <p>La ruleta TakiDaki hace que cada decisi\u00f3n sea emocionante y hermosa.<\/p>\n  \n  <p>Sin registros, sin l\u00edmites, sin complicaciones. \u00a1Solo gira y celebra! \ud83c\udf89<\/p>\n<\/div>\t\t\t\t\t\t\t\t<\/div>\n\t\t\t\t\t<\/div>\n\t\t\t\t<\/div>\n\t\t\t\t<\/div>\n\t\t","protected":false},"excerpt":{"rendered":"<p>Rueda giratoria del ganador :root { &#8211;result-size: 44px; &#8211;history-size: 15px; } @keyframes spin { 0% { transform: rotate(0deg); } 100% { transform: rotate(var(&#8211;rotation)); } } @keyframes pulse { 0%, 100% { transform: scale(1); } 50% { transform: scale(1.05); } } @keyframes confetti-burst { 0% { transform: translate(0, 0) scale(0); opacity: 1; } 15% { transform: [&hellip;]<\/p>\n","protected":false},"author":1,"featured_media":1299,"parent":0,"menu_order":0,"comment_status":"closed","ping_status":"closed","template":"elementor_header_footer","meta":{"footnotes":""},"class_list":["post-2233","page","type-page","status-publish","has-post-thumbnail","hentry"],"aioseo_notices":[],"_links":{"self":[{"href":"https:\/\/takidaki.com\/es\/wp-json\/wp\/v2\/pages\/2233","targetHints":{"allow":["GET"]}}],"collection":[{"href":"https:\/\/takidaki.com\/es\/wp-json\/wp\/v2\/pages"}],"about":[{"href":"https:\/\/takidaki.com\/es\/wp-json\/wp\/v2\/types\/page"}],"author":[{"embeddable":true,"href":"https:\/\/takidaki.com\/es\/wp-json\/wp\/v2\/users\/1"}],"replies":[{"embeddable":true,"href":"https:\/\/takidaki.com\/es\/wp-json\/wp\/v2\/comments?post=2233"}],"version-history":[{"count":2,"href":"https:\/\/takidaki.com\/es\/wp-json\/wp\/v2\/pages\/2233\/revisions"}],"predecessor-version":[{"id":2235,"href":"https:\/\/takidaki.com\/es\/wp-json\/wp\/v2\/pages\/2233\/revisions\/2235"}],"wp:featuredmedia":[{"embeddable":true,"href":"https:\/\/takidaki.com\/es\/wp-json\/wp\/v2\/media\/1299"}],"wp:attachment":[{"href":"https:\/\/takidaki.com\/es\/wp-json\/wp\/v2\/media?parent=2233"}],"curies":[{"name":"wp","href":"https:\/\/api.w.org\/{rel}","templated":true}]}}