{"id":1305,"date":"2025-12-09T06:17:46","date_gmt":"2025-12-09T06:17:46","guid":{"rendered":"https:\/\/takidaki.com\/generador-de-numeros-aleatorios\/"},"modified":"2026-03-01T14:56:19","modified_gmt":"2026-03-01T14:56:19","slug":"generador-de-numeros-aleatorios","status":"publish","type":"page","link":"https:\/\/takidaki.com\/es\/generador-de-numeros-aleatorios\/","title":{"rendered":"Generador de n\u00fameros aleatorios"},"content":{"rendered":"\t\t<div data-elementor-type=\"wp-page\" data-elementor-id=\"1305\" class=\"elementor elementor-1305 elementor-1092\" data-elementor-post-type=\"page\">\n\t\t\t\t<div data-particle_enable=\"false\" data-particle-mobile-disabled=\"false\" data-dce-background-color=\"#FEE4C7\" class=\"elementor-element elementor-element-46c063d e-flex e-con-boxed e-con e-parent\" data-id=\"46c063d\" data-element_type=\"container\" data-e-type=\"container\" data-settings=\"{&quot;background_background&quot;:&quot;gradient&quot;}\">\n\t\t\t\t\t<div class=\"e-con-inner\">\n\t\t\t\t<div data-dce-title-color=\"#151413\" class=\"elementor-element elementor-element-0af3668 elementor-invisible elementor-widget elementor-widget-heading\" data-id=\"0af3668\" data-element_type=\"widget\" data-e-type=\"widget\" data-settings=\"{&quot;_animation&quot;:&quot;fadeInUp&quot;}\" data-widget_type=\"heading.default\">\n\t\t\t\t\t<h1 class=\"elementor-heading-title elementor-size-default\"> Generador de n\u00fameros aleatorios<\/h1>\t\t\t\t<\/div>\n\t\t<div data-particle_enable=\"false\" data-particle-mobile-disabled=\"false\" class=\"elementor-element elementor-element-d3d101a e-con-full e-flex e-con e-child\" data-id=\"d3d101a\" data-element_type=\"container\" data-e-type=\"container\">\n\t\t\t\t<div class=\"elementor-element elementor-element-eb86743 elementor-widget elementor-widget-html\" data-id=\"eb86743\" data-element_type=\"widget\" data-e-type=\"widget\" data-widget_type=\"html.default\">\n\t\t\t\t\t<link href=\"https:\/\/fonts.googleapis.com\/css2?family=PT+Mono&amp;display=swap\" rel=\"stylesheet\">\r\n<style>\r\n  :root {\r\n    --result-size: 44px;\r\n    --history-size: 15px;\r\n  }\r\n\r\n  @keyframes numberSpin {\r\n    0% { \r\n      transform: translateY(0) scale(1);\r\n      opacity: 1;\r\n    }\r\n    50% { \r\n      transform: translateY(-30px) scale(1.3);\r\n      opacity: 0.5;\r\n    }\r\n    100% { \r\n      transform: translateY(0) scale(1);\r\n      opacity: 1;\r\n    }\r\n  }\r\n  \r\n  @keyframes pulse {\r\n    0%, 100% { transform: scale(1); }\r\n    50% { transform: scale(1.05); }\r\n  }\r\n  \r\n  @keyframes shine {\r\n    0%, 100% { \r\n      box-shadow: \r\n        0 10px 30px rgba(119, 133, 65, 0.3),\r\n        inset 0 2px 10px rgba(255,255,255,0.5); \r\n    }\r\n    50% { \r\n      box-shadow: \r\n        0 15px 40px rgba(119, 133, 65, 0.5),\r\n        inset 0 2px 15px rgba(255,255,255,0.8); \r\n    }\r\n  }\r\n  \r\n  @keyframes confetti-fall {\r\n    0% {\r\n      transform: translateY(0) rotateZ(0deg);\r\n      opacity: 1;\r\n    }\r\n    100% {\r\n      transform: translateY(100vh) rotateZ(720deg);\r\n      opacity: 0;\r\n    }\r\n  }\r\n  \r\n  @keyframes confetti-burst {\r\n    0% {\r\n      transform: translate(0, 0) scale(0);\r\n      opacity: 1;\r\n    }\r\n    15% {\r\n      transform: translate(var(--tx), var(--ty)) scale(1.2);\r\n      opacity: 1;\r\n    }\r\n    100% {\r\n      transform: translate(var(--tx), calc(var(--ty) + 100vh)) scale(1) rotate(var(--rotation));\r\n      opacity: 0;\r\n    }\r\n  }\r\n\r\n  * {\r\n    box-sizing: border-box;\r\n  }\r\n\r\n  .container {\r\n    width: 100%;\r\n    background: white;\r\n    border-radius: 20px;\r\n    display: flex;\r\n    margin: 0 auto;\r\n    min-height: 500px;\r\n    font-family: 'PT Mono', monospace;\r\n    overflow: hidden;\r\n    box-shadow: 0 10px 40px rgba(0,0,0,0.08);\r\n    position: relative;\r\n  }\r\n  \r\n  @media (max-width: 768px) {\r\n    .container {\r\n      flex-direction: column-reverse;\r\n      min-height: 100vh;\r\n    }\r\n  }\r\n\r\n  .left-panel {\r\n    flex: 1;\r\n    padding: 40px;\r\n    background: #f8f9fa;\r\n    display: flex;\r\n    flex-direction: column;\r\n    gap: 18px;\r\n    justify-content: center;\r\n  }\r\n  \r\n  @media (max-width: 768px) {\r\n    .left-panel {\r\n      padding: 20px;\r\n      gap: 12px;\r\n    }\r\n  }\r\n\r\n  .right-panel {\r\n    flex: 1;\r\n    padding: 40px;\r\n    background: #FFECD6;\r\n    display: flex;\r\n    flex-direction: column;\r\n    justify-content: center;\r\n    align-items: center;\r\n    position: relative;\r\n  }\r\n  \r\n  @media (max-width: 768px) {\r\n    .right-panel {\r\n      padding: 30px 20px 20px;\r\n      min-height: auto;\r\n      flex: 1;\r\n    }\r\n  }\r\n\r\n  .title {\r\n    text-transform: uppercase;\r\n    letter-spacing: 1px;\r\n    font-size: 30px;\r\n    text-align: center;\r\n    color: #333;\r\n    font-weight: bold;\r\n    margin-bottom: 10px;\r\n  }\r\n  \r\n  @media (max-width: 768px) {\r\n    .title {\r\n      font-size: 22px;\r\n      margin-bottom: 5px;\r\n    }\r\n  }\r\n\r\n  .mode-toggle {\r\n    display: flex;\r\n    background: #e9ecef;\r\n    border-radius: 12px;\r\n    padding: 4px;\r\n    margin-bottom: 10px;\r\n  }\r\n  \r\n  .mode-btn {\r\n    flex: 1;\r\n    padding: 10px;\r\n    border: none;\r\n    background: transparent;\r\n    color: #666;\r\n    font-family: 'PT Mono', monospace;\r\n    font-size: 13px;\r\n    font-weight: 600;\r\n    text-transform: uppercase;\r\n    letter-spacing: 0.5px;\r\n    cursor: pointer;\r\n    border-radius: 10px;\r\n    transition: all 0.3s ease;\r\n  }\r\n  \r\n  .mode-btn.active {\r\n    background: white;\r\n    color: #778541;\r\n    box-shadow: 0 2px 8px rgba(0,0,0,0.1);\r\n  }\r\n  \r\n  @media (max-width: 768px) {\r\n    .mode-btn {\r\n      font-size: 11px;\r\n      padding: 8px;\r\n    }\r\n  }\r\n\r\n  .settings {\r\n    display: flex;\r\n    flex-direction: column;\r\n    gap: 12px;\r\n  }\r\n  \r\n  .input-group {\r\n    display: flex;\r\n    flex-direction: column;\r\n    gap: 6px;\r\n  }\r\n  \r\n  .input-label {\r\n    font-size: 12px;\r\n    text-transform: uppercase;\r\n    letter-spacing: 0.5px;\r\n    color: #666;\r\n    font-weight: 600;\r\n  }\r\n  \r\n  .input-field {\r\n    padding: 12px;\r\n    border-radius: 10px;\r\n    border: 2px solid #e9ecef;\r\n    font-family: 'PT Mono', monospace;\r\n    font-size: 16px;\r\n    font-weight: 600;\r\n    transition: all 0.3s ease;\r\n    background: white;\r\n  }\r\n  \r\n  .input-field:focus {\r\n    outline: none;\r\n    border-color: #778541;\r\n    box-shadow: 0 0 0 3px rgba(119, 133, 65, 0.1);\r\n  }\r\n  \r\n  @media (max-width: 768px) {\r\n    .input-field {\r\n      padding: 10px;\r\n      font-size: 14px;\r\n    }\r\n  }\r\n  \r\n  .row {\r\n    display: flex;\r\n    gap: 12px;\r\n  }\r\n  \r\n  .row .input-group {\r\n    flex: 1;\r\n  }\r\n  \r\n  .checkbox-group {\r\n    display: flex;\r\n    align-items: center;\r\n    gap: 8px;\r\n    padding: 10px 0;\r\n  }\r\n  \r\n  .checkbox {\r\n    width: 20px;\r\n    height: 20px;\r\n    cursor: pointer;\r\n    accent-color: #778541;\r\n  }\r\n\r\n  .btn {\r\n    padding: 16px 24px;\r\n    border-radius: 14px;\r\n    font-size: 16px;\r\n    font-weight: 600;\r\n    border: none;\r\n    cursor: pointer;\r\n    background: #778541;\r\n    color: white;\r\n    transition: all 0.3s cubic-bezier(0.4, 0, 0.2, 1);\r\n    width: 100%;\r\n    box-shadow: 0 4px 12px rgba(119, 133, 65, 0.3);\r\n    font-family: 'PT Mono', monospace;\r\n    text-transform: uppercase;\r\n    letter-spacing: 1px;\r\n    position: relative;\r\n  }\r\n  \r\n  @media (max-width: 768px) {\r\n    .btn {\r\n      padding: 12px 20px;\r\n      font-size: 14px;\r\n    }\r\n  }\r\n  \r\n  .btn:hover {\r\n    transform: translateY(-2px);\r\n    box-shadow: 0 6px 20px rgba(119, 133, 65, 0.4);\r\n  }\r\n  \r\n  .btn:active {\r\n    transform: translateY(0);\r\n    box-shadow: 0 2px 8px rgba(119, 133, 65, 0.3);\r\n  }\r\n\r\n  .btn-secondary {\r\n    background: #d26a56;\r\n    box-shadow: 0 4px 12px rgba(210, 106, 86, 0.3);\r\n  }\r\n  \r\n  .btn-secondary:hover {\r\n    box-shadow: 0 6px 20px rgba(210, 106, 86, 0.4);\r\n  }\r\n\r\n  .btn-gray {\r\n    background: #424242;\r\n    box-shadow: 0 4px 12px rgba(66, 66, 66, 0.3);\r\n  }\r\n  \r\n  .btn-gray:hover {\r\n    box-shadow: 0 6px 20px rgba(66, 66, 66, 0.4);\r\n  }\r\n\r\n  .number-area {\r\n    height: 250px;\r\n    display: flex;\r\n    align-items: center;\r\n    justify-content: center;\r\n    margin-bottom: 20px;\r\n    flex-wrap: wrap;\r\n    gap: 15px;\r\n    align-content: center;\r\n  }\r\n  \r\n  @media (max-width: 768px) {\r\n    .number-area {\r\n      height: 180px;\r\n      margin-bottom: 15px;\r\n      gap: 10px;\r\n    }\r\n  }\r\n\r\n  .number-display {\r\n    min-width: 140px;\r\n    height: 140px;\r\n    border-radius: 20px;\r\n    background: linear-gradient(135deg, #778541 0%, #9da75e 100%);\r\n    display: flex;\r\n    justify-content: center;\r\n    align-items: center;\r\n    font-size: 48px;\r\n    font-weight: 900;\r\n    color: white;\r\n    text-shadow: 2px 2px 8px rgba(0,0,0,0.3);\r\n    box-shadow: \r\n      0 10px 30px rgba(119, 133, 65, 0.3),\r\n      inset 0 2px 10px rgba(255,255,255,0.5),\r\n      inset 0 -4px 10px rgba(0,0,0,0.2);\r\n    border: 5px solid rgba(255,255,255,0.4);\r\n    position: relative;\r\n    padding: 20px;\r\n  }\r\n  \r\n  @media (max-width: 768px) {\r\n    .number-display {\r\n      min-width: 100px;\r\n      height: 100px;\r\n      font-size: 36px;\r\n      border: 4px solid rgba(255,255,255,0.4);\r\n      padding: 15px;\r\n    }\r\n  }\r\n  \r\n  .number-display::before {\r\n    content: '';\r\n    position: absolute;\r\n    top: 10%;\r\n    left: 10%;\r\n    width: 30%;\r\n    height: 30%;\r\n    background: radial-gradient(circle, rgba(255,255,255,0.6) 0%, transparent 70%);\r\n    border-radius: 50%;\r\n  }\r\n\r\n  .number-display.spin {\r\n    animation: numberSpin 0.6s cubic-bezier(0.4, 0, 0.2, 1) forwards;\r\n  }\r\n  \r\n  .number-display.result {\r\n    animation: pulse 0.6s ease-out, shine 2s ease-in-out infinite;\r\n  }\r\n\r\n  .result-text {\r\n    font-size: var(--result-size);\r\n    margin-top: 10px;\r\n    font-weight: bold;\r\n    transition: all 0.3s ease;\r\n    text-transform: uppercase;\r\n    letter-spacing: 2px;\r\n    color: #333;\r\n    text-align: center;\r\n  }\r\n  \r\n  @media (max-width: 768px) {\r\n    .result-text {\r\n      font-size: 28px;\r\n      margin-top: 5px;\r\n    }\r\n  }\r\n\r\n  .history-box {\r\n    margin-top: 25px;\r\n    text-align: center;\r\n    font-size: var(--history-size);\r\n    opacity: 0.85;\r\n    max-width: 450px;\r\n    line-height: 1.6;\r\n    word-wrap: break-word;\r\n    color: #555;\r\n  }\r\n  \r\n  @media (max-width: 768px) {\r\n    .history-box {\r\n      font-size: 12px;\r\n      max-width: 100%;\r\n      padding: 0 10px;\r\n      margin-top: 15px;\r\n      line-height: 1.4;\r\n    }\r\n  }\r\n  \r\n  .hidden {\r\n    display: none !important;\r\n  }\r\n  \r\n  .confetti-container {\r\n    position: absolute;\r\n    top: 0;\r\n    left: 0;\r\n    width: 100%;\r\n    height: 100%;\r\n    pointer-events: none;\r\n    z-index: 1000;\r\n    overflow: hidden;\r\n  }\r\n  \r\n  .confetti {\r\n    position: absolute;\r\n    width: 10px;\r\n    height: 10px;\r\n    pointer-events: none;\r\n  }\r\n<\/style>\r\n\r\n<div class=\"container\">\r\n  <div class=\"confetti-container\" id=\"confettiContainer\"><\/div>\r\n  \r\n  <div class=\"left-panel\">\r\n    <h3 class=\"title\">N\u00famero aleatorio<\/h3>\r\n\r\n    <div class=\"mode-toggle\">\r\n      <button class=\"mode-btn active\" onclick=\"switchMode('simple')\">Simple<\/button>\r\n<button class=\"mode-btn\" onclick=\"switchMode('advanced')\">Avanzado<\/button>\r\n    <\/div>\r\n\r\n    <div id=\"simpleSettings\" class=\"settings\">\r\n      <div class=\"row\">\r\n        <div class=\"input-group\">\r\n          <label class=\"input-label\">Desde<\/label>\r\n          <input type=\"number\" id=\"simpleMin\" class=\"input-field\" value=\"1\">\r\n        <\/div>\r\n        <div class=\"input-group\">\r\n          <label class=\"input-label\">Hasta<\/label>\r\n          <input type=\"number\" id=\"simpleMax\" class=\"input-field\" value=\"100\">\r\n        <\/div>\r\n      <\/div>\r\n    <\/div>\r\n\r\n    <div id=\"advancedSettings\" class=\"settings hidden\">\r\n      <div class=\"row\">\r\n        <div class=\"input-group\">\r\n          <label class=\"input-label\">Desde<\/label>\r\n          <input type=\"number\" id=\"advMin\" class=\"input-field\" value=\"1\">\r\n        <\/div>\r\n        <div class=\"input-group\">\r\n          <label class=\"input-label\">To<\/label>\r\n          <input type=\"number\" id=\"advMax\" class=\"input-field\" value=\"100\">\r\n        <\/div>\r\n      <\/div>\r\n      \r\n      <div class=\"input-group\">\r\n        <label class=\"input-label\">Contar<\/label>\r\n        <input type=\"number\" id=\"count\" class=\"input-field\" value=\"1\" min=\"1\" max=\"10\">\r\n      <\/div>\r\n      \r\n      <div class=\"checkbox-group\">\r\n        <input type=\"checkbox\" id=\"allowDuplicates\" class=\"checkbox\" checked>\r\n        <label class=\"input-label\" for=\"allowDuplicates\">Permitir duplicados<\/label>\r\n      <\/div>\r\n    <\/div>\r\n\r\n    <button class=\"btn\" onclick=\"generate()\">Generate<\/button>\r\n<button class=\"btn-secondary btn\" onclick=\"copyHistory()\">Copy History<\/button>\r\n<button class=\"btn-gray btn\" onclick=\"clearHistory()\">Clear History<\/button>\r\n  <\/div>\r\n\r\n  <div class=\"right-panel\">\r\n    <div class=\"number-area\" id=\"numberArea\">\r\n      <div class=\"number-display\">?<\/div>\r\n    <\/div>\r\n\r\n    <div id=\"resultText\" class=\"result-text\">Preparado para generar<\/div>\r\n\r\n    <div id=\"history\" class=\"history-box\"><\/div>\r\n  <\/div>\r\n<\/div>\r\n\r\n<script>\r\n  let history = [];\r\n  let generating = false;\r\n  let currentMode = 'simple';\r\n\r\n  function createConfetti() {\r\n    const container = document.getElementById('confettiContainer');\r\n    const colors = ['#778541', '#9da75e', '#d26a56', '#e0816f', '#FFD700', '#FF6B6B', '#4ECDC4', '#45B7D1', '#FFA500', '#FF69B4'];\r\n    \r\n    \/\/ Get center of the number area\r\n    const numberArea = document.getElementById('numberArea');\r\n    const rect = numberArea.getBoundingClientRect();\r\n    const containerRect = container.getBoundingClientRect();\r\n    const centerX = rect.left + rect.width \/ 2 - containerRect.left;\r\n    const centerY = rect.top + rect.height \/ 2 - containerRect.top;\r\n    \r\n    for (let i = 0; i < 80; i++) {\r\n      setTimeout(() => {\r\n        const confetti = document.createElement('div');\r\n        confetti.className = 'confetti';\r\n        \r\n        const color = colors[Math.floor(Math.random() * colors.length)];\r\n        const size = Math.random() * 10 + 5;\r\n        \r\n        \/\/ Random direction for burst effect\r\n        const angle = (Math.random() * 360) * (Math.PI \/ 180);\r\n        const velocity = Math.random() * 200 + 150; \/\/ Burst speed\r\n        const tx = Math.cos(angle) * velocity;\r\n        const ty = Math.sin(angle) * velocity;\r\n        const rotation = Math.random() * 720 + 360;\r\n        \r\n        confetti.style.left = centerX + 'px';\r\n        confetti.style.top = centerY + 'px';\r\n        confetti.style.width = size + 'px';\r\n        confetti.style.height = size + 'px';\r\n        confetti.style.backgroundColor = color;\r\n        confetti.style.borderRadius = Math.random() > 0.5 ? '50%' : '0';\r\n        confetti.style.setProperty('--tx', tx + 'px');\r\n        confetti.style.setProperty('--ty', ty + 'px');\r\n        confetti.style.setProperty('--rotation', rotation + 'deg');\r\n        confetti.style.animation = `confetti-burst 2.5s cubic-bezier(0.25, 0.46, 0.45, 0.94) forwards`;\r\n        \r\n        container.appendChild(confetti);\r\n        \r\n        setTimeout(() => {\r\n          confetti.remove();\r\n        }, 2500);\r\n      }, i * 15);\r\n    }\r\n  }\r\n\r\n  function switchMode(mode) {\r\n    currentMode = mode;\r\n    \r\n    document.querySelectorAll('.mode-btn').forEach(btn => {\r\n      btn.classList.remove('active');\r\n    });\r\n    event.target.classList.add('active');\r\n    \r\n    if (mode === 'simple') {\r\n      document.getElementById('simpleSettings').classList.remove('hidden');\r\n      document.getElementById('advancedSettings').classList.add('hidden');\r\n    } else {\r\n      document.getElementById('simpleSettings').classList.add('hidden');\r\n      document.getElementById('advancedSettings').classList.remove('hidden');\r\n    }\r\n  }\r\n\r\n  function generate() {\r\n    if (generating) return;\r\n    generating = true;\r\n\r\n    const numberArea = document.getElementById(\"numberArea\");\r\n    const resultText = document.getElementById(\"resultText\");\r\n    const historyBox = document.getElementById(\"history\");\r\n\r\n    let min, max, count, allowDuplicates;\r\n    \r\n    if (currentMode === 'simple') {\r\n      min = parseInt(document.getElementById('simpleMin').value);\r\n      max = parseInt(document.getElementById('simpleMax').value);\r\n      count = 1;\r\n      allowDuplicates = true;\r\n    } else {\r\n      min = parseInt(document.getElementById('advMin').value);\r\n      max = parseInt(document.getElementById('advMax').value);\r\n      count = parseInt(document.getElementById('count').value);\r\n      allowDuplicates = document.getElementById('allowDuplicates').checked;\r\n    }\r\n\r\n    if (min >= max) {\r\n      alert('Minimum must be less than Maximum!');\r\n      generating = false;\r\n      return;\r\n    }\r\n\r\n    if (!allowDuplicates && count > (max - min + 1)) {\r\n      alert('Count cannot exceed the range without duplicates!');\r\n      generating = false;\r\n      return;\r\n    }\r\n\r\n    \/\/ Clear previous results\r\n    numberArea.innerHTML = '';\r\n    \r\n    \/\/ Create number displays\r\n    for (let i = 0; i < count; i++) {\r\n      const display = document.createElement('div');\r\n      display.className = 'number-display spin';\r\n      display.textContent = '?';\r\n      numberArea.appendChild(display);\r\n    }\r\n\r\n    const displays = numberArea.querySelectorAll('.number-display');\r\n\r\n    setTimeout(() => {\r\n      const results = [];\r\n      const used = new Set();\r\n\r\n      for (let i = 0; i < count; i++) {\r\n        let num;\r\n        if (allowDuplicates) {\r\n          num = Math.floor(Math.random() * (max - min + 1)) + min;\r\n        } else {\r\n          do {\r\n            num = Math.floor(Math.random() * (max - min + 1)) + min;\r\n          } while (used.has(num));\r\n          used.add(num);\r\n        }\r\n        results.push(num);\r\n      }\r\n\r\n      displays.forEach((display, i) => {\r\n        display.textContent = results[i];\r\n        display.classList.remove('spin');\r\n        display.classList.add('result');\r\n      });\r\n      \r\n      \/\/ Launch confetti!\r\n      createConfetti();\r\n\r\n      resultText.style.opacity = \"0\";\r\n      setTimeout(() => {\r\n        if (count === 1) {\r\n          resultText.textContent = `Result: ${results[0]}`;\r\n        } else {\r\n          resultText.textContent = `Results: ${results.join(', ')}`;\r\n        }\r\n        resultText.style.opacity = \"1\";\r\n        resultText.style.color = \"#778541\";\r\n      }, 100);\r\n\r\n      const historyEntry = count === 1 ? results[0] : `[${results.join(', ')}]`;\r\n      history.push(historyEntry);\r\n      if (history.length > 50) history.shift();\r\n\r\n      historyBox.textContent = \"Last 10: \" + history.slice(-10).join(\", \");\r\n\r\n      generating = false;\r\n    }, 600);\r\n  }\r\n\r\n  function copyHistory() {\r\n    if (history.length === 0) return;\r\n    navigator.clipboard.writeText(history.join(\"\\n\"))\r\n      .then(() => alert(\"History copied to clipboard!\"));\r\n  }\r\n\r\n  function clearHistory() {\r\n    history = [];\r\n    document.getElementById(\"history\").textContent = \"\";\r\n    document.getElementById(\"resultText\").textContent = \"Ready to generate\";\r\n    document.getElementById(\"resultText\").style.color = \"#333\";\r\n    document.getElementById(\"numberArea\").innerHTML = '<div class=\"number-display\">?<\/div>';\r\n  }\r\n<\/script>\t\t\t\t<\/div>\n\t\t\t\t<\/div>\n\t\t\t\t\t<\/div>\n\t\t\t\t<\/div>\n\t\t<div data-particle_enable=\"false\" data-particle-mobile-disabled=\"false\" data-dce-background-color=\"#FDFDFD\" class=\"elementor-element elementor-element-74bcc145 e-flex e-con-boxed e-con e-parent\" data-id=\"74bcc145\" data-element_type=\"container\" data-e-type=\"container\" data-settings=\"{&quot;background_background&quot;:&quot;classic&quot;}\">\n\t\t\t\t\t<div class=\"e-con-inner\">\n\t\t\t\t<div data-dce-text-color=\"#232323\" class=\"elementor-element elementor-element-4f1d69da elementor-widget elementor-widget-text-editor\" data-id=\"4f1d69da\" data-element_type=\"widget\" data-e-type=\"widget\" data-widget_type=\"text-editor.default\">\n\t\t\t\t\t\t\t\t\t\n\n<div class=\"article-container\">\n  <p>El Generador de N\u00fameros Aleatorios de TakiDaki es una herramienta potente e intuitiva para generar n\u00fameros aleatorios en cualquier situaci\u00f3n donde la imprevisibilidad y la justicia sean clave.<\/p>\n  \n  <p>Simplemente establece tu rango, elige la cantidad de resultados que necesitas \u2014 y deja que el algoritmo haga su magia.<\/p>\n  \n  <p>Es perfecto para juegos, competiciones, investigaciones estad\u00edsticas, generaci\u00f3n de contrase\u00f1as, proyectos educativos y cualquier situaci\u00f3n que requiera n\u00fameros verdaderamente aleatorios.<\/p>\n  \n  <p>Gracias a un algoritmo transparente y r\u00e1pido, obtienes resultados instant\u00e1neos que son completamente imparciales y seguros.<\/p>\n\n  <h3><b>\ud83d\udfe2 Puedes usarlo para:<\/b><\/h3>\n  <ul>\n    <li>\n      <p>Juegos y loter\u00edas \u2014 elige ganadores o n\u00fameros al azar<\/p>\n    <\/li>\n    <li>\n      <p>Muestreo estad\u00edstico y proyectos de investigaci\u00f3n<\/p>\n    <\/li>\n    <li>\n      <p>Asignaci\u00f3n aleatoria de equipos o cuadros de torneo<\/p>\n    <\/li>\n    <li>\n      <p>Tareas educativas que requieren conjuntos de datos aleatorios<\/p>\n    <\/li>\n    <li>\n      <p>Generaci\u00f3n de contrase\u00f1as o pruebas de seguridad<\/p>\n    <\/li>\n    <li>\n      <p>Cualquier situaci\u00f3n en la que necesites n\u00fameros realmente aleatorios<\/p>\n    <\/li>\n  <\/ul>\n\n  <h3><b>\u2728 Beneficios clave:<\/b><\/h3>\n  <ul>\n    <li>\n      <p><b>Modo Simple \u2014 genera un n\u00famero en segundos con ajustes m\u00ednimos<\/b><\/p>\n    <\/li>\n    <li>\n      <p><b>Modo Avanzado \u2014 genera m\u00faltiples n\u00fameros a la vez con opciones personalizables<\/b><\/p>\n    <\/li>\n    <li>\n      <p>Control de duplicados \u2014 permite o evita n\u00fameros repetidos<\/p>\n    <\/li>\n    <li>\n      <p>Celebraci\u00f3n con confeti visual \u2014 hace que cada resultado se sienta especial<\/p>\n    <\/li>\n    <li>\n      <p>Seguimiento de historial \u2014 visualiza tus \u00faltimos 10 resultados al instante<\/p>\n    <\/li>\n    <li>\n      <p>Copiar con un clic \u2014 exporta tus resultados f\u00e1cilmente<\/p>\n    <\/li>\n    <li>\n      <p>Funciona directamente en tu navegador \u2014 no se necesita instalaci\u00f3n<\/p>\n    <\/li>\n    <li>\n      <p>Dise\u00f1o adaptable a m\u00f3viles \u2014 funciona perfectamente en cualquier dispositivo<\/p>\n    <\/li>\n    <li>\n      <p>R\u00e1pido, justo y seguro \u2014 potenciado por la aleatorizaci\u00f3n integrada de JavaScript<\/p>\n    <\/li>\n  <\/ul>\n\n  <h3><b>\ud83c\udfaf Dos modos para cada necesidad:<\/b><\/h3>\n  <ul>\n    <li>\n      <p><b>Simple Mode \u2014 Perfect when you need just one random number. Set min and max values, click Generate, and get your result instantly.<\/b> <\/p>\n    <\/li>\n    <li>\n      <p>Modo Avanzado \u2014 Genera m\u00faltiples n\u00fameros a la vez (hasta 10). Controla si se permiten duplicados. Ideal para situaciones complejas como selecci\u00f3n de equipos o sorteos con varios ganadores.  <\/p>\n    <\/li>\n  <\/ul>\n\n  <p>\u00bfBuscas un generador de n\u00fameros aleatorios gratuito y confiable en el que puedas confiar?<\/p>\n  \n  <p>El Generador de N\u00fameros Aleatorios de TakiDaki lo hace f\u00e1cil \u2014 y bonito.<\/p>\n  \n  <p>Sin registros, sin l\u00edmites, sin complicaciones. Solo pura aleatoriedad cuando la necesitas. <\/p>\n<\/div>\t\t\t\t\t\t\t\t<\/div>\n\t\t\t\t\t<\/div>\n\t\t\t\t<\/div>\n\t\t\t\t<\/div>\n\t\t","protected":false},"excerpt":{"rendered":"<p>Generador de n\u00fameros aleatorios N\u00famero aleatorio Simple Avanzado Desde Hasta Desde To Contar Permitir duplicados Generate Copy History Clear History ? Preparado para generar El Generador de N\u00fameros Aleatorios de TakiDaki es una herramienta potente e intuitiva para generar n\u00fameros aleatorios en cualquier situaci\u00f3n donde la imprevisibilidad y la justicia sean clave. Simplemente establece tu [&hellip;]<\/p>\n","protected":false},"author":1,"featured_media":1298,"parent":0,"menu_order":0,"comment_status":"closed","ping_status":"closed","template":"elementor_header_footer","meta":{"footnotes":""},"class_list":["post-1305","page","type-page","status-publish","has-post-thumbnail","hentry"],"aioseo_notices":[],"_links":{"self":[{"href":"https:\/\/takidaki.com\/es\/wp-json\/wp\/v2\/pages\/1305","targetHints":{"allow":["GET"]}}],"collection":[{"href":"https:\/\/takidaki.com\/es\/wp-json\/wp\/v2\/pages"}],"about":[{"href":"https:\/\/takidaki.com\/es\/wp-json\/wp\/v2\/types\/page"}],"author":[{"embeddable":true,"href":"https:\/\/takidaki.com\/es\/wp-json\/wp\/v2\/users\/1"}],"replies":[{"embeddable":true,"href":"https:\/\/takidaki.com\/es\/wp-json\/wp\/v2\/comments?post=1305"}],"version-history":[{"count":1,"href":"https:\/\/takidaki.com\/es\/wp-json\/wp\/v2\/pages\/1305\/revisions"}],"predecessor-version":[{"id":2193,"href":"https:\/\/takidaki.com\/es\/wp-json\/wp\/v2\/pages\/1305\/revisions\/2193"}],"wp:featuredmedia":[{"embeddable":true,"href":"https:\/\/takidaki.com\/es\/wp-json\/wp\/v2\/media\/1298"}],"wp:attachment":[{"href":"https:\/\/takidaki.com\/es\/wp-json\/wp\/v2\/media?parent=1305"}],"curies":[{"name":"wp","href":"https:\/\/api.w.org\/{rel}","templated":true}]}}